{"id":1955,"date":"2022-11-14T12:25:05","date_gmt":"2022-11-14T12:25:05","guid":{"rendered":"https:\/\/agricodtl.pl\/?page_id=1955"},"modified":"2022-11-14T12:43:19","modified_gmt":"2022-11-14T12:43:19","slug":"zapytania-ofertowe","status":"publish","type":"page","link":"https:\/\/agricodtl.pl\/ru\/zapytania-ofertowe\/","title":{"rendered":"(Polski) Zapytania ofertowe"},"content":{"rendered":"<p class=\"qtranxs-available-languages-message qtranxs-available-languages-message-ru\">\u0418\u0437\u0432\u0438\u043d\u0438\u0442\u0435, \u044d\u0442\u043e\u0442 \u0442\u0435\u043a\u0441\u0442 \u0434\u043e\u0441\u0442\u0443\u043f\u0435\u043d \u0442\u043e\u043b\u044c\u043a\u043e \u043d\u0430 &ldquo;<a href=\"https:\/\/agricodtl.pl\/pl\/wp-json\/wp\/v2\/pages\/1955\" class=\"qtranxs-available-language-link qtranxs-available-language-link-pl\" title=\"Polski\">\u041f\u043e\u043b\u044c\u0441\u043a\u0438\u0439<\/a>&rdquo;.<\/p><section class=\"wpb-content-wrapper\"><p>[vc_row css=&#187;.vc_custom_1668428819551{border-top-width: 1px !important;border-right-width: 1px !important;border-bottom-width: 1px !important;border-left-width: 1px !important;border-left-color: #c1c1c1 !important;border-left-style: solid !important;border-right-color: #c1c1c1 !important;border-right-style: solid !important;border-top-color: #c1c1c1 !important;border-top-style: solid !important;border-bottom-color: #c1c1c1 !important;border-bottom-style: solid !important;border-radius: 5px !important;}&#187;][vc_column][vc_empty_space][vc_column_text]<\/p>\n<h3>Zapytanie ofertowe \u2013 system wspomagaj\u0105cy selekcj\u0119 produkt\u00f3w:<\/h3>\n<p>&nbsp;<\/p>\n<p><a href=\"https:\/\/agricodtl.pl\/wp-content\/uploads\/2022\/11\/zapytanie-ofertowe-system-wspomagajacy-selekcje-produktow-1.pdf\" target=\"_blank\" rel=\"noopener\">zapytanie ofertowe system wspomagaj\u0105cy selekcj\u0119 produkt\u00f3w<\/a><\/p>\n<p><a href=\"https:\/\/agricodtl.pl\/wp-content\/uploads\/2022\/11\/zawiadomienie-o-wyborze-oferty-system-1.pdf\" target=\"_blank\" rel=\"noopener\">zawiadomienie o wyborze oferty-system wspomagajacy selekcj\u0119 produkt\u00f3w<\/a>[\/vc_column_text][vc_empty_space][\/vc_column][\/vc_row][vc_row][vc_column][vc_empty_space height=&#187;42px&#187;][\/vc_column][\/vc_row][vc_row css=&#187;.vc_custom_1668428819551{border-top-width: 1px !important;border-right-width: 1px !important;border-bottom-width: 1px !important;border-left-width: 1px !important;border-left-color: #c1c1c1 !important;border-left-style: solid !important;border-right-color: #c1c1c1 !important;border-right-style: solid !important;border-top-color: #c1c1c1 !important;border-top-style: solid !important;border-bottom-color: #c1c1c1 !important;border-bottom-style: solid !important;border-radius: 5px !important;}&#187;][vc_column][vc_empty_space][vc_column_text]<\/p>\n<h3>Zapytanie ofertowe nr 1- targi i us\u0142ugi doradztwa:<\/h3>\n<p>&nbsp;<\/p>\n<p><a href=\"https:\/\/agricodtl.pl\/wp-content\/uploads\/2022\/11\/zapytanie-ofertowe-nr-1-targi-i-uslugi-doradztwa1-1.pdf\">zapytanie ofertowe nr 1 targi i uslugi doradztwa<\/a><\/p>\n<p><a href=\"https:\/\/agricodtl.pl\/wp-content\/uploads\/2022\/11\/zawiadomienie-o-wyborze-oferty-1.pdf\">zawiadomienie-o-wyborze-oferty<\/a>[\/vc_column_text][vc_empty_space][\/vc_column][\/vc_row][vc_row][vc_column][vc_empty_space height=&#187;42px&#187;][\/vc_column][\/vc_row][vc_row css=&#187;.vc_custom_1668428819551{border-top-width: 1px !important;border-right-width: 1px !important;border-bottom-width: 1px !important;border-left-width: 1px !important;border-left-color: #c1c1c1 !important;border-left-style: solid !important;border-right-color: #c1c1c1 !important;border-right-style: solid !important;border-top-color: #c1c1c1 !important;border-top-style: solid !important;border-bottom-color: #c1c1c1 !important;border-bottom-style: solid !important;border-radius: 5px !important;}&#187;][vc_column][vc_empty_space][vc_column_text]<\/p>\n<h3>Zapytanie ofertowe nr 3 \u2013 zakup linii technologicznej:<\/h3>\n<p>&nbsp;<\/p>\n<p><a href=\"http:\/\/oferty.agrico.pl\/wp-content\/uploads\/2016\/11\/zapytanie-ofertowe-nr-3-linia-technologiczna.pdf\">zapytanie-ofertowe-nr-3-linia-technologiczna<\/a><\/p>\n<p><a href=\"https:\/\/agricodtl.pl\/wp-content\/uploads\/2022\/11\/formularz-ofertowy-1.docx\">formularz ofertowy<\/a><\/p>\n<p><a href=\"https:\/\/agricodtl.pl\/wp-content\/uploads\/2022\/11\/PROTOKOL-Z-WYBORU-OFERT-1.pdf\">informacja o wyborze oferty<\/a>[\/vc_column_text][vc_empty_space][\/vc_column][\/vc_row][vc_row][vc_column][vc_empty_space height=&#187;42px&#187;][\/vc_column][\/vc_row]<\/p>\n<\/section>","protected":false},"excerpt":{"rendered":"<p>\u0418\u0437\u0432\u0438\u043d\u0438\u0442\u0435, \u044d\u0442\u043e\u0442 \u0442\u0435\u043a\u0441\u0442 \u0434\u043e\u0441\u0442\u0443\u043f\u0435\u043d \u0442\u043e\u043b\u044c\u043a\u043e \u043d\u0430 &ldquo;\u041f\u043e\u043b\u044c\u0441\u043a\u0438\u0439&rdquo;.[vc_row css=&#187;.vc_custom_1668428819551{border-top-width: 1px !important;border-right-width: 1px !important;border-bottom-width: 1px !important;border-left-width: 1px !important;border-left-color: #c1c1c1 !important;border-left-style: solid !important;border-right-color: #c1c1c1 !important;border-right-style: solid !important;border-top-color: #c1c1c1 !important;border-top-style: solid !important;border-bottom-color: #c1c1c1 !important;border-bottom-style: solid !important;border-radius: 5px !important;}&#187;][vc_column][vc_empty_space][vc_column_text] Zapytanie ofertowe \u2013 system wspomagaj\u0105cy selekcj\u0119 produkt\u00f3w: &nbsp; zapytanie ofertowe system&#8230;<\/p>\n","protected":false},"author":2,"featured_media":0,"parent":0,"menu_order":0,"comment_status":"closed","ping_status":"closed","template":"","meta":[],"_links":{"self":[{"href":"https:\/\/agricodtl.pl\/ru\/wp-json\/wp\/v2\/pages\/1955"}],"collection":[{"href":"https:\/\/agricodtl.pl\/ru\/wp-json\/wp\/v2\/pages"}],"about":[{"href":"https:\/\/agricodtl.pl\/ru\/wp-json\/wp\/v2\/types\/page"}],"author":[{"embeddable":true,"href":"https:\/\/agricodtl.pl\/ru\/wp-json\/wp\/v2\/users\/2"}],"replies":[{"embeddable":true,"href":"https:\/\/agricodtl.pl\/ru\/wp-json\/wp\/v2\/comments?post=1955"}],"version-history":[{"count":0,"href":"https:\/\/agricodtl.pl\/ru\/wp-json\/wp\/v2\/pages\/1955\/revisions"}],"wp:attachment":[{"href":"https:\/\/agricodtl.pl\/ru\/wp-json\/wp\/v2\/media?parent=1955"}],"curies":[{"name":"wp","href":"https:\/\/api.w.org\/{rel}","templated":true}]}}