{"id":1052,"date":"2019-04-17T21:41:19","date_gmt":"2019-04-17T21:41:19","guid":{"rendered":"https:\/\/agricodtl.pl\/?page_id=1052"},"modified":"2026-02-13T11:27:44","modified_gmt":"2026-02-13T11:27:44","slug":"unicone","status":"publish","type":"page","link":"https:\/\/agricodtl.pl\/fr\/","title":{"rendered":"Royal Toro 100% Halal Europe"},"content":{"rendered":"<section class=\"wpb-content-wrapper\"><p>[vc_row][vc_column][rev_slider_vc alias=\u00a0\u00bbdupikat-1&Prime;][\/vc_column][\/vc_row][vc_row css=\u00a0\u00bb.vc_custom_1668243022101{margin-top: 80px !important;}\u00a0\u00bb][vc_column][vc_column_text]<\/p>\n<h3 style=\"text-align: center;\">Nous garantissons la haute qualit\u00e9 de nos produits.<\/h3>\n<p>[\/vc_column_text][\/vc_column][\/vc_row][vc_row content_width=\u00a0\u00bbgrid\u00a0\u00bb content_aligment=\u00a0\u00bbcenter\u00a0\u00bb css=\u00a0\u00bb.vc_custom_1668241905620{margin-top: 60px !important;}\u00a0\u00bb][vc_column width=\u00a0\u00bb1\/3&Prime;][vc_row_inner css=\u00a0\u00bb.vc_custom_1668242266995{margin-top: 20px !important;margin-right: 10px !important;margin-left: 10px !important;}\u00a0\u00bb][vc_column_inner css=\u00a0\u00bb.vc_custom_1668241656771{border-top-width: 1px !important;border-right-width: 1px !important;border-bottom-width: 1px !important;border-left-width: 1px !important;padding-bottom: 70px !important;border-left-color: #a0a0a0 !important;border-left-style: solid !important;border-right-color: #a0a0a0 !important;border-right-style: solid !important;border-top-color: #a0a0a0 !important;border-top-style: solid !important;border-bottom-color: #a0a0a0 !important;border-bottom-style: solid !important;border-radius: 5px !important;}\u00a0\u00bb][vc_column_text]<a href=\"https:\/\/agricodtl.pl\/wp-content\/uploads\/2022\/11\/cow128.png\"><img decoding=\"async\" loading=\"lazy\" class=\"wp-image-1820 size-full aligncenter\" src=\"https:\/\/agricodtl.pl\/wp-content\/uploads\/2022\/11\/cow128.png\" alt=\"\" width=\"128\" height=\"128\" \/><\/a>[\/vc_column_text][vc_column_text]<\/p>\n<h2 style=\"text-align: center;\">B\u0152UF<\/h2>\n<p>[\/vc_column_text][vc_empty_space height=\u00a0\u00bb16px\u00a0\u00bb][vc_column_text]<\/p>\n<p style=\"text-align: center;\">Produits \u00e0 base de b\u0153uf<br \/>\nViande de boeuf<br \/>\nAbats de boeuf<\/p>\n<p>[\/vc_column_text][\/vc_column_inner][\/vc_row_inner][\/vc_column][vc_column width=\u00a0\u00bb1\/3&Prime;][vc_row_inner css=\u00a0\u00bb.vc_custom_1668242277115{margin-top: 20px !important;margin-right: 10px !important;margin-left: 10px !important;}\u00a0\u00bb][vc_column_inner css=\u00a0\u00bb.vc_custom_1668241822235{border-top-width: 1px !important;border-right-width: 1px !important;border-bottom-width: 1px !important;border-left-width: 1px !important;padding-bottom: 70px !important;border-left-color: #a0a0a0 !important;border-left-style: solid !important;border-right-color: #a0a0a0 !important;border-right-style: solid !important;border-top-color: #a0a0a0 !important;border-top-style: solid !important;border-bottom-color: #a0a0a0 !important;border-bottom-style: solid !important;border-radius: 5px !important;}\u00a0\u00bb][vc_column_text]<a href=\"https:\/\/agricodtl.pl\/wp-content\/uploads\/2022\/11\/cick.png\"><img decoding=\"async\" loading=\"lazy\" class=\"wp-image-1892 size-full aligncenter\" src=\"https:\/\/agricodtl.pl\/wp-content\/uploads\/2022\/11\/cick.png\" alt=\"\" width=\"128\" height=\"128\" \/><\/a>[\/vc_column_text][vc_column_text]<\/p>\n<h2 style=\"text-align: center;\">LA VOLAILLE<\/h2>\n<p>[\/vc_column_text][vc_empty_space height=\u00a0\u00bb16px\u00a0\u00bb][vc_column_text]<\/p>\n<p style=\"text-align: center;\">Articles de volaille<br \/>\nViande de volaille<br \/>\nAbats de volaille<\/p>\n<p>[\/vc_column_text][\/vc_column_inner][\/vc_row_inner][\/vc_column][vc_column width=\u00a0\u00bb1\/3&Prime;][vc_row_inner content_aligment=\u00a0\u00bbcenter\u00a0\u00bb css=\u00a0\u00bb.vc_custom_1668242586179{margin-top: 20px !important;margin-right: 10px !important;margin-left: 10px !important;}\u00a0\u00bb][vc_column_inner css=\u00a0\u00bb.vc_custom_1668242660660{border-top-width: 1px !important;border-right-width: 1px !important;border-bottom-width: 1px !important;border-left-width: 1px !important;padding-bottom: 80px !important;border-left-color: #a0a0a0 !important;border-left-style: solid !important;border-right-color: #a0a0a0 !important;border-right-style: solid !important;border-top-color: #a0a0a0 !important;border-top-style: solid !important;border-bottom-color: #a0a0a0 !important;border-bottom-style: solid !important;border-radius: 5px !important;}\u00a0\u00bb][vc_column_text]<a href=\"https:\/\/agricodtl.pl\/wp-content\/uploads\/2022\/11\/cick2.png\"><img decoding=\"async\" loading=\"lazy\" class=\"wp-image-1895 size-full aligncenter\" src=\"https:\/\/agricodtl.pl\/wp-content\/uploads\/2022\/11\/cick2.png\" alt=\"\" width=\"128\" height=\"128\" \/><\/a>[\/vc_column_text][vc_column_text]<\/p>\n<h2 style=\"text-align: center;\">EN CONSERVE<\/h2>\n<p>[\/vc_column_text][vc_empty_space height=\u00a0\u00bb26px\u00a0\u00bb][vc_column_text css=\u00a0\u00bb.vc_custom_1668509799517{margin-bottom: 3px !important;}\u00a0\u00bb]<\/p>\n<p style=\"text-align: center;\">B\u0153uf en conserve<br \/>\nConserves de volaille<\/p>\n<p>[\/vc_column_text][\/vc_column_inner][\/vc_row_inner][\/vc_column][\/vc_row][vc_row content_width=\u00a0\u00bbgrid\u00a0\u00bb css=\u00a0\u00bb.vc_custom_1668431609488{margin-top: 110px !important;background-color: #ededed !important;}\u00a0\u00bb][vc_column][vc_empty_space height=\u00a0\u00bb52px\u00a0\u00bb][vc_column_text]<\/p>\n<h2 style=\"text-align: center;\">Qui nous sommers?<\/h2>\n<p>[\/vc_column_text][vc_empty_space height=\u00a0\u00bb52px\u00a0\u00bb][vc_column_text]<\/p>\n<p style=\"text-align: center;\">DTL AGRiCO\u00a0\u00a0 est une entreprise de pr\u00e8s de 100 ans de tradition dans le domaine du traitement de la viande. La famille fondatrice de notre soci\u00e9t\u00e9 a commenc\u00e9 les op\u00e9ration de transformation des viandes \u00e1 son premier atelier de charcuterie en 1919.\u00c0 l\u2019heure actuelle, notre usine, gr\u00e2ce \u00e0 de nombreux investissements dans le parc de machines et les equipements modernes et \u00e0 l\u2019expansion intensive dans les marches l\u2019\u00e9tranger, occupe la position leader de fabriction en Europe. La production s\u2019effectue \u00e0 l\u2019aide de technologies innovantes, selon des recettes traditionnelles enrichies en suppl\u00e9ments fonctionnels modernes et avec les plus hauts standards de qualit\u00e9 et de s\u00e9curit\u00e9 alimentaire. L\u2019entreprise est sp\u00e9cialis\u00e9e dans la production de de viande fra\u00eeche, congel\u00e9 \u00a0et viande en conserve.<\/p>\n<p>[\/vc_column_text][vc_empty_space height=\u00a0\u00bb52px\u00a0\u00bb][\/vc_column][\/vc_row][vc_row content_width=\u00a0\u00bbgrid\u00a0\u00bb css=\u00a0\u00bb.vc_custom_1555963711883{margin-top: 30px !important;margin-bottom: 30px !important;}\u00a0\u00bb][vc_column][vc_empty_space height=\u00a0\u00bb52px\u00a0\u00bb][vc_single_image image=\u00a0\u00bb1157&Prime; img_size=\u00a0\u00bbfull\u00a0\u00bb alignment=\u00a0\u00bbcenter\u00a0\u00bb][vc_empty_space height=\u00a0\u00bb52px\u00a0\u00bb][\/vc_column][\/vc_row]<\/p>\n<\/section>","protected":false},"excerpt":{"rendered":"<p>[vc_row][vc_column][rev_slider_vc alias=\u00a0\u00bbdupikat-1&Prime;][\/vc_column][\/vc_row][vc_row css=\u00a0\u00bb.vc_custom_1668243022101{margin-top: 80px !important;}\u00a0\u00bb][vc_column][vc_column_text] Nous garantissons la haute qualit\u00e9 de nos produits. [\/vc_column_text][\/vc_column][\/vc_row][vc_row content_width=\u00a0\u00bbgrid\u00a0\u00bb content_aligment=\u00a0\u00bbcenter\u00a0\u00bb css=\u00a0\u00bb.vc_custom_1668241905620{margin-top: 60px !important;}\u00a0\u00bb][vc_column width=\u00a0\u00bb1\/3&Prime;][vc_row_inner css=\u00a0\u00bb.vc_custom_1668242266995{margin-top: 20px !important;margin-right: 10px !important;margin-left: 10px !important;}\u00a0\u00bb][vc_column_inner css=\u00a0\u00bb.vc_custom_1668241656771{border-top-width: 1px !important;border-right-width: 1px !important;border-bottom-width: 1px !important;border-left-width: 1px !important;padding-bottom: 70px !important;border-left-color: #a0a0a0 !important;border-left-style: solid !important;border-right-color: #a0a0a0 !important;border-right-style: solid&#8230;<\/p>\n","protected":false},"author":2,"featured_media":0,"parent":0,"menu_order":0,"comment_status":"closed","ping_status":"closed","template":"full-width.php","meta":[],"_links":{"self":[{"href":"https:\/\/agricodtl.pl\/fr\/wp-json\/wp\/v2\/pages\/1052"}],"collection":[{"href":"https:\/\/agricodtl.pl\/fr\/wp-json\/wp\/v2\/pages"}],"about":[{"href":"https:\/\/agricodtl.pl\/fr\/wp-json\/wp\/v2\/types\/page"}],"author":[{"embeddable":true,"href":"https:\/\/agricodtl.pl\/fr\/wp-json\/wp\/v2\/users\/2"}],"replies":[{"embeddable":true,"href":"https:\/\/agricodtl.pl\/fr\/wp-json\/wp\/v2\/comments?post=1052"}],"version-history":[{"count":45,"href":"https:\/\/agricodtl.pl\/fr\/wp-json\/wp\/v2\/pages\/1052\/revisions"}],"predecessor-version":[{"id":2108,"href":"https:\/\/agricodtl.pl\/fr\/wp-json\/wp\/v2\/pages\/1052\/revisions\/2108"}],"wp:attachment":[{"href":"https:\/\/agricodtl.pl\/fr\/wp-json\/wp\/v2\/media?parent=1052"}],"curies":[{"name":"wp","href":"https:\/\/api.w.org\/{rel}","templated":true}]}}