{"id":992,"date":"2018-06-07T08:30:11","date_gmt":"2018-06-07T08:30:11","guid":{"rendered":"https:\/\/agricodtl.pl\/?page_id=992"},"modified":"2019-04-25T12:22:34","modified_gmt":"2019-04-25T12:22:34","slug":"obowiazek-informacyjny","status":"publish","type":"page","link":"https:\/\/agricodtl.pl\/ar\/obowiazek-informacyjny\/","title":{"rendered":"Obowi\u0105zek informacyjny"},"content":{"rendered":"<section class=\"wpb-content-wrapper\"><p>[vc_row css=&#8221;.vc_custom_1556194883882{margin-top: 30px !important;margin-bottom: 45px !important;}&#8221;][vc_column][vc_column_text]Dzia\u0142aj\u0105c na podstawie art. 13 ust. 1 oraz ust. 2 Rozporz\u0105dzenia Parlamentu Europejskiego i Rady (UE) 2016\/679 z dnia 27 kwietnia 2016 r. w sprawie ochrony os\u00f3b fizycznych w zwi\u0105zku z przetwarzaniem danych osobowych i w sprawie swobodnego przep\u0142ywu takich danych oraz uchylenia dyrektywy 95\/46\/WE (og\u00f3lne rozporz\u0105dzenie o ochronie danych),\u00a0 AGRICO DTL SP. Z O.O. informuje, \u017ce:<\/p>\n<p>&nbsp;<\/p>\n<p>1. Administratorem Pani\/Pana danych osobowych jest\u00a0 AGRICO DTL SP. Z O.O. z siedzib\u0105 Paw\u0142\u00f3wek 35, 62-800 Kalisz<br \/>\n2. Celem zbierania danych jest udzielenie informacji je\u015bli kontaktuje si\u0119 Pani\/Pan z nami w sprawach: podj\u0119cia u nas pracy lub (i) \u015bwiadczonych przez nas us\u0142ug lub (i) produkt\u00f3w przez nas oferowanych lub (i) z\u0142o\u017cenia skargi albo uwagi dotycz\u0105cej us\u0142ug lub produkt\u00f3w przez nas oferowanych lub (i) wsp\u00f3\u0142pracy biznesowej lub (i) kontaktu w innym przedmiocie okre\u015blonym przez Pani\u0105\/Pana.<br \/>\n3. Podstaw\u0105 przetwarzania Pani\/Pana danych osobowych jest wyra\u017ana zgoda.<br \/>\n4. Przys\u0142uguje Pani\/Panu prawo dost\u0119pu do tre\u015bci danych oraz ich sprostowania, usuni\u0119cia lub ograniczenia przetwarzania, a tak\u017ce prawo sprzeciwu, za\u017c\u0105dania zaprzestania przetwarzania i przenoszenia danych, jak r\u00f3wnie\u017c prawo do cofni\u0119cia zgody w dowolnym momencie oraz prawo do wniesienia skargi do organu nadzorczego tj. Urz\u0119du Ochrony Danych Osobowych.<br \/>\n5. Podanie przez Pani\u0105\/Pana danych jest dobrowolne, ale niezb\u0119dne do udzielenia odpowiedzi. W przypadku niepodania danych nie b\u0119dzie mo\u017cliwe udzielenie Pani\/Panu odpowiedzi, za\u0142atwienie Pani\/Pana sprawy.<br \/>\n6. Dane udost\u0119pnione przez Pani\u0105\/Pana nie b\u0119d\u0105 podlega\u0142y udost\u0119pnieniu podmiotom trzecim. Odbiorcami danych mog\u0105 by\u0107 tylko instytucje upowa\u017cnione z mocy prawa.<br \/>\n7. Dane udost\u0119pnione przez Pani\u0105\/Pana nie b\u0119d\u0105 podlega\u0142y profilowaniu.<br \/>\n8. Administrator danych nie ma zamiaru przekazywa\u0107 danych osobowych do pa\u0144stwa trzeciego lub organizacji mi\u0119dzynarodowej.<br \/>\n9. Pani\/Pana dane osobowe b\u0119d\u0105 przechowywane przez nas wy\u0142\u0105cznie przez okres niezb\u0119dny do udzielenia odpowiedzi lub pomocy.[\/vc_column_text][\/vc_column][\/vc_row]<\/p>\n<\/section>","protected":false},"excerpt":{"rendered":"<p>[vc_row css=&#8221;.vc_custom_1556194883882{margin-top: 30px !important;margin-bottom: 45px !important;}&#8221;][vc_column][vc_column_text]Dzia\u0142aj\u0105c na podstawie art. 13 ust. 1 oraz ust. 2 Rozporz\u0105dzenia Parlamentu Europejskiego i Rady (UE) 2016\/679 z dnia 27 kwietnia 2016 r. w sprawie ochrony os\u00f3b fizycznych w zwi\u0105zku z przetwarzaniem danych osobowych i w sprawie swobodnego przep\u0142ywu takich&#8230;<\/p>\n","protected":false},"author":2,"featured_media":0,"parent":0,"menu_order":0,"comment_status":"closed","ping_status":"closed","template":"","meta":[],"_links":{"self":[{"href":"https:\/\/agricodtl.pl\/ar\/wp-json\/wp\/v2\/pages\/992"}],"collection":[{"href":"https:\/\/agricodtl.pl\/ar\/wp-json\/wp\/v2\/pages"}],"about":[{"href":"https:\/\/agricodtl.pl\/ar\/wp-json\/wp\/v2\/types\/page"}],"author":[{"embeddable":true,"href":"https:\/\/agricodtl.pl\/ar\/wp-json\/wp\/v2\/users\/2"}],"replies":[{"embeddable":true,"href":"https:\/\/agricodtl.pl\/ar\/wp-json\/wp\/v2\/comments?post=992"}],"version-history":[{"count":0,"href":"https:\/\/agricodtl.pl\/ar\/wp-json\/wp\/v2\/pages\/992\/revisions"}],"wp:attachment":[{"href":"https:\/\/agricodtl.pl\/ar\/wp-json\/wp\/v2\/media?parent=992"}],"curies":[{"name":"wp","href":"https:\/\/api.w.org\/{rel}","templated":true}]}}