{"id":2030,"date":"2022-11-14T15:49:41","date_gmt":"2022-11-14T15:49:41","guid":{"rendered":"https:\/\/agricodtl.pl\/?page_id=2030"},"modified":"2026-02-13T11:26:41","modified_gmt":"2026-02-13T11:26:41","slug":"dofinansowanie-ue","status":"publish","type":"page","link":"https:\/\/agricodtl.pl\/ar\/dofinansowanie-ue\/","title":{"rendered":"UE"},"content":{"rendered":"<p class=\"qtranxs-available-languages-message qtranxs-available-languages-message-ar\">\u0639\u0641\u0648\u0627\u060c \u0647\u0630\u0647 \u0627\u0644\u0645\u062f\u062e\u0644\u0629 \u0645\u0648\u062c\u0648\u062f\u0629 \u0641\u0642\u0637 \u0641\u064a <a href=\"https:\/\/agricodtl.pl\/pl\/wp-json\/wp\/v2\/pages\/2030\" class=\"qtranxs-available-language-link qtranxs-available-language-link-pl\" title=\"Polski\">\u0627\u0644\u0628\u0648\u0644\u0646\u062f\u064a\u0629<\/a>.<\/p><section class=\"wpb-content-wrapper\"><p>[vc_row css=&#8221;.vc_custom_1770981646492{border-top-width: 1px !important;border-right-width: 1px !important;border-bottom-width: 1px !important;border-left-width: 1px !important;border-left-color: #dbdbdb !important;border-left-style: solid !important;border-right-color: #dbdbdb !important;border-right-style: solid !important;border-top-color: #dbdbdb !important;border-top-style: solid !important;border-bottom-color: #dbdbdb !important;border-bottom-style: solid !important;border-radius: 1px !important;}&#8221;][vc_column][vc_single_image image=&#8221;2097&#8243; img_size=&#8221;full&#8221; alignment=&#8221;center&#8221;][vc_column_text]<\/p>\n<p class=\"x_MsoNormal\" style=\"text-align: center;\" data-olk-copy-source=\"MessageBody\">Agrico DTL Sp.z o.o. realizuje przedsi\u0119wzi\u0119cie<br \/>\npt. &#8220;Rozbudowa zak\u0142adu o cz\u0119\u015b\u0107 magazynow\u0105, zakup nowoczesnej technologii i inwestycje w instalacj\u0119 fotowoltaiczn\u0105&#8221;<br \/>\nw ramach Krajowego Planu Odbudowy i Zwi\u0119kszania Odporno\u015bci.<\/p>\n<p class=\"x_MsoNormal\" style=\"text-align: center;\">Dzia\u0142anie: Wsparcie mikro, ma\u0142ych i \u015brednich przedsi\u0119biorstw przetw\u00f3rstwa rolno-spo\u017cywczego.<\/p>\n<p class=\"x_MsoNormal\" style=\"text-align: center;\"><strong>Ca\u0142kowita warto\u015b\u0107 przedsi\u0119wzi\u0119cia netto wynosi:<\/strong>7 463 411,43 z\u0142<\/p>\n<p class=\"x_MsoNormal\" style=\"text-align: center;\"><strong>Warto\u015b\u0107 dofinansowania z \u00a0UE wynosi:<\/strong> 3 731 705 ,71 z\u0142<\/p>\n<p>[\/vc_column_text][vc_empty_space][\/vc_column][\/vc_row]<\/p>\n<p><a href=\"https:\/\/agricodtl.pl\/wp-content\/uploads\/2022\/11\/tablica-dtl.png\"><img decoding=\"async\" loading=\"lazy\" class=\"size-full wp-image-2031 aligncenter\" src=\"https:\/\/agricodtl.pl\/wp-content\/uploads\/2022\/11\/tablica-dtl.png\" alt=\"\" width=\"1140\" height=\"521\" srcset=\"https:\/\/agricodtl.pl\/wp-content\/uploads\/2022\/11\/tablica-dtl.png 1140w, https:\/\/agricodtl.pl\/wp-content\/uploads\/2022\/11\/tablica-dtl-300x137.png 300w, https:\/\/agricodtl.pl\/wp-content\/uploads\/2022\/11\/tablica-dtl-1024x468.png 1024w, https:\/\/agricodtl.pl\/wp-content\/uploads\/2022\/11\/tablica-dtl-768x351.png 768w\" sizes=\"(max-width: 1140px) 100vw, 1140px\" \/><\/a><\/p>\n<\/section>","protected":false},"excerpt":{"rendered":"<p>\u0639\u0641\u0648\u0627\u060c \u0647\u0630\u0647 \u0627\u0644\u0645\u062f\u062e\u0644\u0629 \u0645\u0648\u062c\u0648\u062f\u0629 \u0641\u0642\u0637 \u0641\u064a \u0627\u0644\u0628\u0648\u0644\u0646\u062f\u064a\u0629.[vc_row css=&#8221;.vc_custom_1770981646492{border-top-width: 1px !important;border-right-width: 1px !important;border-bottom-width: 1px !important;border-left-width: 1px !important;border-left-color: #dbdbdb !important;border-left-style: solid !important;border-right-color: #dbdbdb !important;border-right-style: solid !important;border-top-color: #dbdbdb !important;border-top-style: solid !important;border-bottom-color: #dbdbdb !important;border-bottom-style: solid !important;border-radius: 1px !important;}&#8221;][vc_column][vc_single_image image=&#8221;2097&#8243; img_size=&#8221;full&#8221; alignment=&#8221;center&#8221;][vc_column_text] Agrico DTL Sp.z o.o. realizuje przedsi\u0119wzi\u0119cie pt. &#8220;Rozbudowa&#8230;<\/p>\n","protected":false},"author":2,"featured_media":0,"parent":0,"menu_order":0,"comment_status":"closed","ping_status":"closed","template":"","meta":[],"_links":{"self":[{"href":"https:\/\/agricodtl.pl\/ar\/wp-json\/wp\/v2\/pages\/2030"}],"collection":[{"href":"https:\/\/agricodtl.pl\/ar\/wp-json\/wp\/v2\/pages"}],"about":[{"href":"https:\/\/agricodtl.pl\/ar\/wp-json\/wp\/v2\/types\/page"}],"author":[{"embeddable":true,"href":"https:\/\/agricodtl.pl\/ar\/wp-json\/wp\/v2\/users\/2"}],"replies":[{"embeddable":true,"href":"https:\/\/agricodtl.pl\/ar\/wp-json\/wp\/v2\/comments?post=2030"}],"version-history":[{"count":2,"href":"https:\/\/agricodtl.pl\/ar\/wp-json\/wp\/v2\/pages\/2030\/revisions"}],"predecessor-version":[{"id":2105,"href":"https:\/\/agricodtl.pl\/ar\/wp-json\/wp\/v2\/pages\/2030\/revisions\/2105"}],"wp:attachment":[{"href":"https:\/\/agricodtl.pl\/ar\/wp-json\/wp\/v2\/media?parent=2030"}],"curies":[{"name":"wp","href":"https:\/\/api.w.org\/{rel}","templated":true}]}}